{"id":2108,"date":"2023-02-24T17:44:18","date_gmt":"2023-02-24T17:44:18","guid":{"rendered":"https:\/\/test.hosting168722.ae855.netcup.net\/?page_id=2108"},"modified":"2023-12-14T08:03:53","modified_gmt":"2023-12-14T08:03:53","slug":"ackerbau","status":"publish","type":"page","link":"https:\/\/agrargenossenschaft-neuzelle.de\/?page_id=2108","title":{"rendered":"Ackerbau"},"content":{"rendered":"\t\t<div data-elementor-type=\"wp-page\" data-elementor-id=\"2108\" class=\"elementor elementor-2108\" data-elementor-post-type=\"page\">\n\t\t\t\t<div class=\"elementor-element elementor-element-8046a37 e-flex e-con-boxed e-con e-parent\" data-id=\"8046a37\" data-element_type=\"container\" data-e-type=\"container\" data-settings=\"{&quot;background_background&quot;:&quot;classic&quot;}\">\n\t\t\t\t\t<div class=\"e-con-inner\">\n\t\t\t\t<div class=\"elementor-element elementor-element-86c90ba animated-slow elementor-invisible elementor-widget elementor-widget-heading\" data-id=\"86c90ba\" data-element_type=\"widget\" data-e-type=\"widget\" data-settings=\"{&quot;_animation&quot;:&quot;slideInUp&quot;}\" data-widget_type=\"heading.default\">\n\t\t\t\t<div class=\"elementor-widget-container\">\n\t\t\t\t\t<h2 class=\"elementor-heading-title elementor-size-default\">Ackerbau\n<\/h2>\t\t\t\t<\/div>\n\t\t\t\t<\/div>\n\t\t\t\t\t<\/div>\n\t\t\t\t<\/div>\n\t\t<div class=\"elementor-element elementor-element-1499c02 e-flex e-con-boxed e-con e-parent\" data-id=\"1499c02\" data-element_type=\"container\" data-e-type=\"container\">\n\t\t\t\t\t<div class=\"e-con-inner\">\n\t\t<div class=\"elementor-element elementor-element-0900d32 e-con-full e-flex e-con e-child\" data-id=\"0900d32\" data-element_type=\"container\" data-e-type=\"container\">\n\t\t\t\t<div class=\"elementor-element elementor-element-b2164b3 elementor-widget elementor-widget-spacer\" data-id=\"b2164b3\" data-element_type=\"widget\" data-e-type=\"widget\" data-widget_type=\"spacer.default\">\n\t\t\t\t<div class=\"elementor-widget-container\">\n\t\t\t\t\t\t\t<div class=\"elementor-spacer\">\n\t\t\t<div class=\"elementor-spacer-inner\"><\/div>\n\t\t<\/div>\n\t\t\t\t\t\t<\/div>\n\t\t\t\t<\/div>\n\t\t\t\t<div class=\"elementor-element elementor-element-e62849b elementor-widget elementor-widget-image-box\" data-id=\"e62849b\" data-element_type=\"widget\" data-e-type=\"widget\" data-widget_type=\"image-box.default\">\n\t\t\t\t<div class=\"elementor-widget-container\">\n\t\t\t\t\t<div class=\"elementor-image-box-wrapper\"><div class=\"elementor-image-box-content\"><h3 class=\"elementor-image-box-title\">Ackerbau<\/h3><p class=\"elementor-image-box-description\">Auf unseren Feldern ist modernste und hoch effektive Technik im Einsatz. Dies betrifft sowohl die Maschinen f\u00fcr die Feldbestellung, als auch Ger\u00e4te f\u00fcr die Pflege der Felder, die Sch\u00e4dlingsbek\u00e4mpfung und die Ernte. Klimatisierte Kabinen bieten unseren Mitarbeitern bei jedem Wetter optimale Arbeitsbedingungen. Unsere Feldprodukte sind nicht nur f\u00fcr den Verzehr durch den Menschen bestimmt, sondern auch Futter f\u00fcr die in unserer Agrargenossenschaft gez\u00fcchteten Tiere. Die eigene Futterproduktion gew\u00e4hrleistet, dass die Tiere hochwertig und gesundheitlich unbedenklich ern\u00e4hrt werden und diese durch den geschlossenen Kreislauf von Produktion und Ernte ebenso gesundheitlich unbedenklich zum Verbraucher gelangen. Die Speisekartoffeln aus unserem Ackerbau bekommen Sie in unserem Bauernmarkt zu kaufen.<\/p><\/div><\/div>\t\t\t\t<\/div>\n\t\t\t\t<\/div>\n\t\t\t\t<\/div>\n\t\t<div class=\"elementor-element elementor-element-92e8c71 e-con-full e-flex e-con e-child\" data-id=\"92e8c71\" data-element_type=\"container\" data-e-type=\"container\">\n\t\t\t\t<div class=\"elementor-element elementor-element-9632996 elementor-widget elementor-widget-spacer\" data-id=\"9632996\" data-element_type=\"widget\" data-e-type=\"widget\" data-widget_type=\"spacer.default\">\n\t\t\t\t<div class=\"elementor-widget-container\">\n\t\t\t\t\t\t\t<div class=\"elementor-spacer\">\n\t\t\t<div class=\"elementor-spacer-inner\"><\/div>\n\t\t<\/div>\n\t\t\t\t\t\t<\/div>\n\t\t\t\t<\/div>\n\t\t\t\t<div class=\"elementor-element elementor-element-539320d elementor-widget elementor-widget-image-box\" data-id=\"539320d\" data-element_type=\"widget\" data-e-type=\"widget\" data-widget_type=\"image-box.default\">\n\t\t\t\t<div class=\"elementor-widget-container\">\n\t\t\t\t\t<div class=\"elementor-image-box-wrapper\"><div class=\"elementor-image-box-content\"><h3 class=\"elementor-image-box-title\">Feldfr\u00fcchte<\/h3><p class=\"elementor-image-box-description\">Zu den angebauten Feldfr\u00fcchten geh\u00f6ren:\u00a0\nMais, Hafer, Roggen, Gerste, Weizen, Kartoffeln, Lupine, Raps, Buchweizen, Triticale und Luzerne.\u00a0<\/p><\/div><\/div>\t\t\t\t<\/div>\n\t\t\t\t<\/div>\n\t\t\t\t<\/div>\n\t\t\t\t\t<\/div>\n\t\t\t\t<\/div>\n\t\t<div class=\"elementor-element elementor-element-593c0f8 e-flex e-con-boxed e-con e-parent\" data-id=\"593c0f8\" data-element_type=\"container\" data-e-type=\"container\">\n\t\t\t\t\t<div class=\"e-con-inner\">\n\t\t<div class=\"elementor-element elementor-element-636073e e-con-full e-flex e-con e-child\" data-id=\"636073e\" data-element_type=\"container\" data-e-type=\"container\">\n\t\t\t\t<div class=\"elementor-element elementor-element-69e86ca elementor-widget elementor-widget-image\" data-id=\"69e86ca\" data-element_type=\"widget\" data-e-type=\"widget\" data-settings=\"{&quot;_animation&quot;:&quot;none&quot;}\" data-widget_type=\"image.default\">\n\t\t\t\t<div class=\"elementor-widget-container\">\n\t\t\t\t\t\t\t\t\t\t\t\t\t\t\t<img fetchpriority=\"high\" decoding=\"async\" width=\"1024\" height=\"768\" src=\"https:\/\/agrargenossenschaft-neuzelle.de\/wp-content\/uploads\/2023\/12\/ackerbauneu2-2-1024x768.png\" class=\"elementor-animation-grow attachment-large size-large wp-image-2966\" alt=\"\" srcset=\"https:\/\/agrargenossenschaft-neuzelle.de\/wp-content\/uploads\/2023\/12\/ackerbauneu2-2-1024x768.png 1024w, https:\/\/agrargenossenschaft-neuzelle.de\/wp-content\/uploads\/2023\/12\/ackerbauneu2-2-300x225.png 300w, https:\/\/agrargenossenschaft-neuzelle.de\/wp-content\/uploads\/2023\/12\/ackerbauneu2-2-768x576.png 768w, https:\/\/agrargenossenschaft-neuzelle.de\/wp-content\/uploads\/2023\/12\/ackerbauneu2-2-1536x1152.png 1536w, https:\/\/agrargenossenschaft-neuzelle.de\/wp-content\/uploads\/2023\/12\/ackerbauneu2-2-2048x1536.png 2048w\" sizes=\"(max-width: 1024px) 100vw, 1024px\" \/>\t\t\t\t\t\t\t\t\t\t\t\t\t\t\t<\/div>\n\t\t\t\t<\/div>\n\t\t\t\t<\/div>\n\t\t<div class=\"elementor-element elementor-element-b0fb857 e-con-full e-flex e-con e-child\" data-id=\"b0fb857\" data-element_type=\"container\" data-e-type=\"container\">\n\t\t\t\t<div class=\"elementor-element elementor-element-b376bad elementor-widget elementor-widget-image\" data-id=\"b376bad\" data-element_type=\"widget\" data-e-type=\"widget\" data-widget_type=\"image.default\">\n\t\t\t\t<div class=\"elementor-widget-container\">\n\t\t\t\t\t\t\t\t\t\t\t\t\t\t\t<img decoding=\"async\" width=\"1024\" height=\"768\" src=\"https:\/\/agrargenossenschaft-neuzelle.de\/wp-content\/uploads\/2023\/12\/ackbau2-1024x768.png\" class=\"elementor-animation-grow attachment-large size-large wp-image-2967\" alt=\"\" srcset=\"https:\/\/agrargenossenschaft-neuzelle.de\/wp-content\/uploads\/2023\/12\/ackbau2-1024x768.png 1024w, https:\/\/agrargenossenschaft-neuzelle.de\/wp-content\/uploads\/2023\/12\/ackbau2-300x225.png 300w, https:\/\/agrargenossenschaft-neuzelle.de\/wp-content\/uploads\/2023\/12\/ackbau2-768x576.png 768w, https:\/\/agrargenossenschaft-neuzelle.de\/wp-content\/uploads\/2023\/12\/ackbau2-1536x1152.png 1536w, https:\/\/agrargenossenschaft-neuzelle.de\/wp-content\/uploads\/2023\/12\/ackbau2-2048x1536.png 2048w\" sizes=\"(max-width: 1024px) 100vw, 1024px\" \/>\t\t\t\t\t\t\t\t\t\t\t\t\t\t\t<\/div>\n\t\t\t\t<\/div>\n\t\t\t\t<\/div>\n\t\t<div class=\"elementor-element elementor-element-a71d9b4 e-con-full e-flex e-con e-child\" data-id=\"a71d9b4\" data-element_type=\"container\" data-e-type=\"container\">\n\t\t\t\t<div class=\"elementor-element elementor-element-07ec622 elementor-widget elementor-widget-image\" data-id=\"07ec622\" data-element_type=\"widget\" data-e-type=\"widget\" data-widget_type=\"image.default\">\n\t\t\t\t<div class=\"elementor-widget-container\">\n\t\t\t\t\t\t\t\t\t\t\t\t\t\t\t<img decoding=\"async\" width=\"1024\" height=\"768\" src=\"https:\/\/agrargenossenschaft-neuzelle.de\/wp-content\/uploads\/2023\/12\/presse-1024x768.jpg\" class=\"elementor-animation-grow attachment-large size-large wp-image-2969\" alt=\"\" srcset=\"https:\/\/agrargenossenschaft-neuzelle.de\/wp-content\/uploads\/2023\/12\/presse-1024x768.jpg 1024w, https:\/\/agrargenossenschaft-neuzelle.de\/wp-content\/uploads\/2023\/12\/presse-300x225.jpg 300w, https:\/\/agrargenossenschaft-neuzelle.de\/wp-content\/uploads\/2023\/12\/presse-768x576.jpg 768w, https:\/\/agrargenossenschaft-neuzelle.de\/wp-content\/uploads\/2023\/12\/presse-1536x1152.jpg 1536w, https:\/\/agrargenossenschaft-neuzelle.de\/wp-content\/uploads\/2023\/12\/presse-2048x1536.jpg 2048w\" sizes=\"(max-width: 1024px) 100vw, 1024px\" \/>\t\t\t\t\t\t\t\t\t\t\t\t\t\t\t<\/div>\n\t\t\t\t<\/div>\n\t\t\t\t<\/div>\n\t\t\t\t\t<\/div>\n\t\t\t\t<\/div>\n\t\t\t\t<\/div>\n\t\t","protected":false},"excerpt":{"rendered":"<p>Ackerbau Ackerbau Auf unseren Feldern ist modernste und hoch effektive Technik im Einsatz. Dies betrifft sowohl die Maschinen f\u00fcr die Feldbestellung, als auch Ger\u00e4te f\u00fcr die Pflege der Felder, die Sch\u00e4dlingsbek\u00e4mpfung und die Ernte. Klimatisierte Kabinen bieten unseren Mitarbeitern bei jedem Wetter optimale Arbeitsbedingungen. Unsere Feldprodukte sind nicht nur f\u00fcr den Verzehr durch den Menschen&#8230;<\/p>\n","protected":false},"author":1,"featured_media":0,"parent":0,"menu_order":0,"comment_status":"closed","ping_status":"closed","template":"","meta":{"_kad_post_transparent":"","_kad_post_title":"","_kad_post_layout":"","_kad_post_sidebar_id":"","_kad_post_content_style":"","_kad_post_vertical_padding":"","_kad_post_feature":"","_kad_post_feature_position":"","_kad_post_header":false,"_kad_post_footer":false,"footnotes":""},"class_list":["post-2108","page","type-page","status-publish","hentry"],"_links":{"self":[{"href":"https:\/\/agrargenossenschaft-neuzelle.de\/index.php?rest_route=\/wp\/v2\/pages\/2108","targetHints":{"allow":["GET"]}}],"collection":[{"href":"https:\/\/agrargenossenschaft-neuzelle.de\/index.php?rest_route=\/wp\/v2\/pages"}],"about":[{"href":"https:\/\/agrargenossenschaft-neuzelle.de\/index.php?rest_route=\/wp\/v2\/types\/page"}],"author":[{"embeddable":true,"href":"https:\/\/agrargenossenschaft-neuzelle.de\/index.php?rest_route=\/wp\/v2\/users\/1"}],"replies":[{"embeddable":true,"href":"https:\/\/agrargenossenschaft-neuzelle.de\/index.php?rest_route=%2Fwp%2Fv2%2Fcomments&post=2108"}],"version-history":[{"count":31,"href":"https:\/\/agrargenossenschaft-neuzelle.de\/index.php?rest_route=\/wp\/v2\/pages\/2108\/revisions"}],"predecessor-version":[{"id":3387,"href":"https:\/\/agrargenossenschaft-neuzelle.de\/index.php?rest_route=\/wp\/v2\/pages\/2108\/revisions\/3387"}],"wp:attachment":[{"href":"https:\/\/agrargenossenschaft-neuzelle.de\/index.php?rest_route=%2Fwp%2Fv2%2Fmedia&parent=2108"}],"curies":[{"name":"wp","href":"https:\/\/api.w.org\/{rel}","templated":true}]}}