{"id":3312,"date":"2023-12-13T17:47:44","date_gmt":"2023-12-13T17:47:44","guid":{"rendered":"https:\/\/agrargenossenschaft-neuzelle.de\/?page_id=3312"},"modified":"2023-12-14T13:25:26","modified_gmt":"2023-12-14T13:25:26","slug":"partyservice","status":"publish","type":"page","link":"https:\/\/agrargenossenschaft-neuzelle.de\/?page_id=3312","title":{"rendered":"Partyservice"},"content":{"rendered":"\t\t<div data-elementor-type=\"wp-page\" data-elementor-id=\"3312\" class=\"elementor elementor-3312\" data-elementor-post-type=\"page\">\n\t\t\t\t<div class=\"elementor-element elementor-element-39e2b742 e-con-full e-flex e-con e-parent\" data-id=\"39e2b742\" data-element_type=\"container\" data-e-type=\"container\" data-settings=\"{&quot;background_background&quot;:&quot;classic&quot;}\">\n\t\t\t\t<div class=\"elementor-element elementor-element-5df181c1 animated-slow elementor-invisible elementor-widget elementor-widget-heading\" data-id=\"5df181c1\" data-element_type=\"widget\" data-e-type=\"widget\" data-settings=\"{&quot;_animation&quot;:&quot;slideInUp&quot;}\" data-widget_type=\"heading.default\">\n\t\t\t\t<div class=\"elementor-widget-container\">\n\t\t\t\t\t<h2 class=\"elementor-heading-title elementor-size-default\">Alles aus einer Hand!<\/h2>\t\t\t\t<\/div>\n\t\t\t\t<\/div>\n\t\t\t\t<div class=\"elementor-element elementor-element-2e427b5 animated-slow elementor-invisible elementor-widget elementor-widget-heading\" data-id=\"2e427b5\" data-element_type=\"widget\" data-e-type=\"widget\" data-settings=\"{&quot;_animation&quot;:&quot;slideInUp&quot;}\" data-widget_type=\"heading.default\">\n\t\t\t\t<div class=\"elementor-widget-container\">\n\t\t\t\t\t<h2 class=\"elementor-heading-title elementor-size-default\">Unser partyservice<\/h2>\t\t\t\t<\/div>\n\t\t\t\t<\/div>\n\t\t<div class=\"elementor-element elementor-element-763a5e77 e-con-full e-flex e-con e-child\" data-id=\"763a5e77\" data-element_type=\"container\" data-e-type=\"container\">\n\t\t<div class=\"elementor-element elementor-element-3b11f371 animated-slow e-con-full e-flex elementor-invisible e-con e-child\" data-id=\"3b11f371\" data-element_type=\"container\" data-e-type=\"container\" data-settings=\"{&quot;background_background&quot;:&quot;classic&quot;,&quot;animation&quot;:&quot;fadeInUp&quot;,&quot;animation_delay&quot;:600}\">\n\t\t\t\t<\/div>\n\t\t<div class=\"elementor-element elementor-element-54f349d4 e-con-full e-flex e-con e-child\" data-id=\"54f349d4\" data-element_type=\"container\" data-e-type=\"container\">\n\t\t\t\t<div class=\"elementor-element elementor-element-17a54439 elementor-blockquote--skin-quotation elementor-blockquote--align-center elementor-widget elementor-widget-blockquote\" data-id=\"17a54439\" data-element_type=\"widget\" data-e-type=\"widget\" data-widget_type=\"blockquote.default\">\n\t\t\t\t<div class=\"elementor-widget-container\">\n\t\t\t\t\t\t\t<blockquote class=\"elementor-blockquote\">\n\t\t\t<p class=\"elementor-blockquote__content\">\n\t\t\t\tFeiern mit dem herzhaften Geschmack von Zuhause <BR>\n\t\t\t<\/p>\n\t\t\t\t\t<\/blockquote>\n\t\t\t\t\t\t<\/div>\n\t\t\t\t<\/div>\n\t\t\t\t<div class=\"elementor-element elementor-element-31765ec2 elementor-widget elementor-widget-text-editor\" data-id=\"31765ec2\" data-element_type=\"widget\" data-e-type=\"widget\" data-widget_type=\"text-editor.default\">\n\t\t\t\t<div class=\"elementor-widget-container\">\n\t\t\t\t\t\t\t\t\t<p>Unser Partyservice bringt den unvergleichlichen Geschmack von traditioneller Hausmannskost auf Ihre Veranstaltung. Mit jahrzehntelanger Erfahrung und einem ausgepr\u00e4gten Gesp\u00fcr f\u00fcr Qualit\u00e4t kreieren wir Gerichte, die das Gef\u00fchl von Gem\u00fctlichkeit und Genuss vermitteln.<\/p><p>Verlassen Sie sich auf die vertraute Qualit\u00e4t und den Geschmack von der Agrargenossenschaft Neuzelle und lassen Sie uns gemeinsam Ihre Feierlichkeit mit dem unverwechselbaren Flair von Hausmannskost bereichern. Kontaktieren Sie uns noch heute und entdecken Sie, wie wir Ihre Veranstaltung mit herzhaften Gen\u00fcssen verw\u00f6hnen k\u00f6nnen!<\/p>\t\t\t\t\t\t\t\t<\/div>\n\t\t\t\t<\/div>\n\t\t\t\t<\/div>\n\t\t\t\t<\/div>\n\t\t\t\t<\/div>\n\t\t<div class=\"elementor-element elementor-element-066e3d8 e-flex e-con-boxed e-con e-parent\" data-id=\"066e3d8\" data-element_type=\"container\" data-e-type=\"container\" data-settings=\"{&quot;background_background&quot;:&quot;classic&quot;}\">\n\t\t\t\t\t<div class=\"e-con-inner\">\n\t\t\t\t<div class=\"elementor-element elementor-element-056c8fe elementor-widget elementor-widget-image-box\" data-id=\"056c8fe\" data-element_type=\"widget\" data-e-type=\"widget\" data-widget_type=\"image-box.default\">\n\t\t\t\t<div class=\"elementor-widget-container\">\n\t\t\t\t\t<div class=\"elementor-image-box-wrapper\"><div class=\"elementor-image-box-content\"><h3 class=\"elementor-image-box-title\">Bauernmarkt<br> Neuzelle <br><\/h3><p class=\"elementor-image-box-description\">Feierlichkeiten mit dem Geschmack der Heimat - exklusiv mit unserer Party Service Abholung des Bauernmarkt Neuzelle!<br>\n<p><\/p>\nKontakt: Frau K\u00f6ppen &amp; Frau Martin-Heberlein<br>\nTelefon: 033652 82 44 23\u00a0<br>\n\n\n<\/p><\/div><\/div>\t\t\t\t<\/div>\n\t\t\t\t<\/div>\n\t\t\t\t<div class=\"elementor-element elementor-element-62a24bb elementor-widget elementor-widget-image-box\" data-id=\"62a24bb\" data-element_type=\"widget\" data-e-type=\"widget\" data-widget_type=\"image-box.default\">\n\t\t\t\t<div class=\"elementor-widget-container\">\n\t\t\t\t\t<div class=\"elementor-image-box-wrapper\"><div class=\"elementor-image-box-content\"><h3 class=\"elementor-image-box-title\">Verkaufsstelle<br>  Fellertstra\u00dfe <br><\/h3><p class=\"elementor-image-box-description\">Feierlichkeiten mit dem Geschmack der Heimat - exklusiv mit unserer Party Service Abholung und Lieferung der Verkaufsstelle Fellertstrasse!<br>\n<p><\/p>\nKontakt: Frau Ahrens<br>\nTelefon: 03364 26 17\u00a0<br>\nEmail: agrar-fellert@t-online.de<br><\/p><\/div><\/div>\t\t\t\t<\/div>\n\t\t\t\t<\/div>\n\t\t\t\t\t<\/div>\n\t\t\t\t<\/div>\n\t\t<div class=\"elementor-element elementor-element-09c14a5 e-flex e-con-boxed e-con e-parent\" data-id=\"09c14a5\" data-element_type=\"container\" data-e-type=\"container\">\n\t\t\t\t\t<div class=\"e-con-inner\">\n\t\t\t\t<div class=\"elementor-element elementor-element-b0e0777 elementor-arrows-position-inside elementor-pagination-position-outside elementor-widget elementor-widget-image-carousel\" data-id=\"b0e0777\" data-element_type=\"widget\" data-e-type=\"widget\" data-settings=\"{&quot;slides_to_show&quot;:&quot;3&quot;,&quot;slides_to_scroll&quot;:&quot;2&quot;,&quot;navigation&quot;:&quot;both&quot;,&quot;autoplay&quot;:&quot;yes&quot;,&quot;pause_on_hover&quot;:&quot;yes&quot;,&quot;pause_on_interaction&quot;:&quot;yes&quot;,&quot;autoplay_speed&quot;:5000,&quot;infinite&quot;:&quot;yes&quot;,&quot;speed&quot;:500}\" data-widget_type=\"image-carousel.default\">\n\t\t\t\t<div class=\"elementor-widget-container\">\n\t\t\t\t\t\t\t<div class=\"elementor-image-carousel-wrapper swiper\" role=\"region\" aria-roledescription=\"carousel\" aria-label=\"Bild Karussell\" dir=\"ltr\">\n\t\t\t<div class=\"elementor-image-carousel swiper-wrapper\" aria-live=\"off\">\n\t\t\t\t\t\t\t\t<div class=\"swiper-slide\" role=\"group\" aria-roledescription=\"slide\" aria-label=\"1 von 19\"><figure class=\"swiper-slide-inner\"><img decoding=\"async\" class=\"swiper-slide-image\" src=\"https:\/\/agrargenossenschaft-neuzelle.de\/wp-content\/uploads\/2023\/12\/ccec-1024x768.png\" alt=\"ccec\" \/><\/figure><\/div><div class=\"swiper-slide\" role=\"group\" aria-roledescription=\"slide\" aria-label=\"2 von 19\"><figure class=\"swiper-slide-inner\"><img decoding=\"async\" class=\"swiper-slide-image\" src=\"https:\/\/agrargenossenschaft-neuzelle.de\/wp-content\/uploads\/2023\/12\/ESOb-1024x768.png\" alt=\"ESOb\" \/><\/figure><\/div><div class=\"swiper-slide\" role=\"group\" aria-roledescription=\"slide\" aria-label=\"3 von 19\"><figure class=\"swiper-slide-inner\"><img decoding=\"async\" class=\"swiper-slide-image\" src=\"https:\/\/agrargenossenschaft-neuzelle.de\/wp-content\/uploads\/2023\/12\/scWC-1024x768.png\" alt=\"scWC\" \/><\/figure><\/div><div class=\"swiper-slide\" role=\"group\" aria-roledescription=\"slide\" aria-label=\"4 von 19\"><figure class=\"swiper-slide-inner\"><img decoding=\"async\" class=\"swiper-slide-image\" src=\"https:\/\/agrargenossenschaft-neuzelle.de\/wp-content\/uploads\/2023\/12\/uhn-1024x768.png\" alt=\"uhn\" \/><\/figure><\/div><div class=\"swiper-slide\" role=\"group\" aria-roledescription=\"slide\" aria-label=\"5 von 19\"><figure class=\"swiper-slide-inner\"><img decoding=\"async\" class=\"swiper-slide-image\" src=\"https:\/\/agrargenossenschaft-neuzelle.de\/wp-content\/uploads\/2023\/12\/WhatsApp-Image-2023-12-13-at-18.29.37-2-1-1024x768.jpeg\" alt=\"WhatsApp Image 2023-12-13 at 18.29.37 (2)\" \/><\/figure><\/div><div class=\"swiper-slide\" role=\"group\" aria-roledescription=\"slide\" aria-label=\"6 von 19\"><figure class=\"swiper-slide-inner\"><img decoding=\"async\" class=\"swiper-slide-image\" src=\"https:\/\/agrargenossenschaft-neuzelle.de\/wp-content\/uploads\/2023\/12\/WhatsApp-Image-2023-12-13-at-18.29.37-2-1024x768.png\" alt=\"WhatsApp Image 2023-12-13 at 18.29.37 (2)\" \/><\/figure><\/div><div class=\"swiper-slide\" role=\"group\" aria-roledescription=\"slide\" aria-label=\"7 von 19\"><figure class=\"swiper-slide-inner\"><img decoding=\"async\" class=\"swiper-slide-image\" src=\"https:\/\/agrargenossenschaft-neuzelle.de\/wp-content\/uploads\/2023\/12\/WhatsApp-Image-2023-12-13-at-18.29.40-1-1024x768.jpeg\" alt=\"WhatsApp Image 2023-12-13 at 18.29.40 (1)\" \/><\/figure><\/div><div class=\"swiper-slide\" role=\"group\" aria-roledescription=\"slide\" aria-label=\"8 von 19\"><figure class=\"swiper-slide-inner\"><img decoding=\"async\" class=\"swiper-slide-image\" src=\"https:\/\/agrargenossenschaft-neuzelle.de\/wp-content\/uploads\/2023\/12\/WhatsApp-Image-2023-12-13-at-18.29.40-5-1024x768.jpeg\" alt=\"WhatsApp Image 2023-12-13 at 18.29.40 (5)\" \/><\/figure><\/div><div class=\"swiper-slide\" role=\"group\" aria-roledescription=\"slide\" aria-label=\"9 von 19\"><figure class=\"swiper-slide-inner\"><img decoding=\"async\" class=\"swiper-slide-image\" src=\"https:\/\/agrargenossenschaft-neuzelle.de\/wp-content\/uploads\/2023\/12\/1-1024x768.png\" alt=\"1\" \/><\/figure><\/div><div class=\"swiper-slide\" role=\"group\" aria-roledescription=\"slide\" aria-label=\"10 von 19\"><figure class=\"swiper-slide-inner\"><img decoding=\"async\" class=\"swiper-slide-image\" src=\"https:\/\/agrargenossenschaft-neuzelle.de\/wp-content\/uploads\/2023\/12\/2-1024x768.png\" alt=\"2\" \/><\/figure><\/div><div class=\"swiper-slide\" role=\"group\" aria-roledescription=\"slide\" aria-label=\"11 von 19\"><figure class=\"swiper-slide-inner\"><img decoding=\"async\" class=\"swiper-slide-image\" src=\"https:\/\/agrargenossenschaft-neuzelle.de\/wp-content\/uploads\/2023\/12\/3-1024x768.png\" alt=\"3\" \/><\/figure><\/div><div class=\"swiper-slide\" role=\"group\" aria-roledescription=\"slide\" aria-label=\"12 von 19\"><figure class=\"swiper-slide-inner\"><img decoding=\"async\" class=\"swiper-slide-image\" src=\"https:\/\/agrargenossenschaft-neuzelle.de\/wp-content\/uploads\/2023\/12\/4-1024x768.png\" alt=\"4\" \/><\/figure><\/div><div class=\"swiper-slide\" role=\"group\" aria-roledescription=\"slide\" aria-label=\"13 von 19\"><figure class=\"swiper-slide-inner\"><img decoding=\"async\" class=\"swiper-slide-image\" src=\"https:\/\/agrargenossenschaft-neuzelle.de\/wp-content\/uploads\/2023\/12\/5-1024x768.png\" alt=\"5\" \/><\/figure><\/div><div class=\"swiper-slide\" role=\"group\" aria-roledescription=\"slide\" aria-label=\"14 von 19\"><figure class=\"swiper-slide-inner\"><img decoding=\"async\" class=\"swiper-slide-image\" src=\"https:\/\/agrargenossenschaft-neuzelle.de\/wp-content\/uploads\/2023\/12\/6-1024x768.png\" alt=\"6\" \/><\/figure><\/div><div class=\"swiper-slide\" role=\"group\" aria-roledescription=\"slide\" aria-label=\"15 von 19\"><figure class=\"swiper-slide-inner\"><img decoding=\"async\" class=\"swiper-slide-image\" src=\"https:\/\/agrargenossenschaft-neuzelle.de\/wp-content\/uploads\/2023\/12\/7-1024x768.png\" alt=\"7\" \/><\/figure><\/div><div class=\"swiper-slide\" role=\"group\" aria-roledescription=\"slide\" aria-label=\"16 von 19\"><figure class=\"swiper-slide-inner\"><img decoding=\"async\" class=\"swiper-slide-image\" src=\"https:\/\/agrargenossenschaft-neuzelle.de\/wp-content\/uploads\/2023\/12\/8-1024x768.png\" alt=\"8\" \/><\/figure><\/div><div class=\"swiper-slide\" role=\"group\" aria-roledescription=\"slide\" aria-label=\"17 von 19\"><figure class=\"swiper-slide-inner\"><img decoding=\"async\" class=\"swiper-slide-image\" src=\"https:\/\/agrargenossenschaft-neuzelle.de\/wp-content\/uploads\/2023\/12\/9-1024x768.png\" alt=\"9\" \/><\/figure><\/div><div class=\"swiper-slide\" role=\"group\" aria-roledescription=\"slide\" aria-label=\"18 von 19\"><figure class=\"swiper-slide-inner\"><img decoding=\"async\" class=\"swiper-slide-image\" src=\"https:\/\/agrargenossenschaft-neuzelle.de\/wp-content\/uploads\/2023\/12\/11-1024x768.png\" alt=\"11\" \/><\/figure><\/div><div class=\"swiper-slide\" role=\"group\" aria-roledescription=\"slide\" aria-label=\"19 von 19\"><figure class=\"swiper-slide-inner\"><img decoding=\"async\" class=\"swiper-slide-image\" src=\"https:\/\/agrargenossenschaft-neuzelle.de\/wp-content\/uploads\/2023\/12\/10-1024x768.png\" alt=\"10\" \/><\/figure><\/div>\t\t\t<\/div>\n\t\t\t\t\t\t\t\t\t\t\t\t<div class=\"elementor-swiper-button elementor-swiper-button-prev\" role=\"button\" tabindex=\"0\">\n\t\t\t\t\t\t<svg aria-hidden=\"true\" class=\"e-font-icon-svg e-eicon-chevron-left\" viewBox=\"0 0 1000 1000\" xmlns=\"http:\/\/www.w3.org\/2000\/svg\"><path d=\"M646 125C629 125 613 133 604 142L308 442C296 454 292 471 292 487 292 504 296 521 308 533L604 854C617 867 629 875 646 875 663 875 679 871 692 858 704 846 713 829 713 812 713 796 708 779 692 767L438 487 692 225C700 217 708 204 708 187 708 171 704 154 692 142 675 129 663 125 646 125Z\"><\/path><\/svg>\t\t\t\t\t<\/div>\n\t\t\t\t\t<div class=\"elementor-swiper-button elementor-swiper-button-next\" role=\"button\" tabindex=\"0\">\n\t\t\t\t\t\t<svg aria-hidden=\"true\" class=\"e-font-icon-svg e-eicon-chevron-right\" viewBox=\"0 0 1000 1000\" xmlns=\"http:\/\/www.w3.org\/2000\/svg\"><path d=\"M696 533C708 521 713 504 713 487 713 471 708 454 696 446L400 146C388 133 375 125 354 125 338 125 325 129 313 142 300 154 292 171 292 187 292 204 296 221 308 233L563 492 304 771C292 783 288 800 288 817 288 833 296 850 308 863 321 871 338 875 354 875 371 875 388 867 400 854L696 533Z\"><\/path><\/svg>\t\t\t\t\t<\/div>\n\t\t\t\t\n\t\t\t\t\t\t\t\t\t<div class=\"swiper-pagination\"><\/div>\n\t\t\t\t\t\t\t\t\t<\/div>\n\t\t\t\t\t\t<\/div>\n\t\t\t\t<\/div>\n\t\t\t\t\t<\/div>\n\t\t\t\t<\/div>\n\t\t\t\t<\/div>\n\t\t","protected":false},"excerpt":{"rendered":"<p>Alles aus einer Hand! Unser partyservice Feiern mit dem herzhaften Geschmack von Zuhause Unser Partyservice bringt den unvergleichlichen Geschmack von traditioneller Hausmannskost auf Ihre Veranstaltung. Mit jahrzehntelanger Erfahrung und einem ausgepr\u00e4gten Gesp\u00fcr f\u00fcr Qualit\u00e4t kreieren wir Gerichte, die das Gef\u00fchl von Gem\u00fctlichkeit und Genuss vermitteln. Verlassen Sie sich auf die vertraute Qualit\u00e4t und den Geschmack&#8230;<\/p>\n","protected":false},"author":1,"featured_media":0,"parent":0,"menu_order":0,"comment_status":"closed","ping_status":"closed","template":"","meta":{"_kad_post_transparent":"","_kad_post_title":"hide","_kad_post_layout":"fullwidth","_kad_post_sidebar_id":"","_kad_post_content_style":"unboxed","_kad_post_vertical_padding":"hide","_kad_post_feature":"hide","_kad_post_feature_position":"","_kad_post_header":false,"_kad_post_footer":false,"footnotes":""},"class_list":["post-3312","page","type-page","status-publish","hentry"],"_links":{"self":[{"href":"https:\/\/agrargenossenschaft-neuzelle.de\/index.php?rest_route=\/wp\/v2\/pages\/3312","targetHints":{"allow":["GET"]}}],"collection":[{"href":"https:\/\/agrargenossenschaft-neuzelle.de\/index.php?rest_route=\/wp\/v2\/pages"}],"about":[{"href":"https:\/\/agrargenossenschaft-neuzelle.de\/index.php?rest_route=\/wp\/v2\/types\/page"}],"author":[{"embeddable":true,"href":"https:\/\/agrargenossenschaft-neuzelle.de\/index.php?rest_route=\/wp\/v2\/users\/1"}],"replies":[{"embeddable":true,"href":"https:\/\/agrargenossenschaft-neuzelle.de\/index.php?rest_route=%2Fwp%2Fv2%2Fcomments&post=3312"}],"version-history":[{"count":40,"href":"https:\/\/agrargenossenschaft-neuzelle.de\/index.php?rest_route=\/wp\/v2\/pages\/3312\/revisions"}],"predecessor-version":[{"id":3491,"href":"https:\/\/agrargenossenschaft-neuzelle.de\/index.php?rest_route=\/wp\/v2\/pages\/3312\/revisions\/3491"}],"wp:attachment":[{"href":"https:\/\/agrargenossenschaft-neuzelle.de\/index.php?rest_route=%2Fwp%2Fv2%2Fmedia&parent=3312"}],"curies":[{"name":"wp","href":"https:\/\/api.w.org\/{rel}","templated":true}]}}