{"id":3734,"date":"2024-04-19T18:15:39","date_gmt":"2024-04-19T18:15:39","guid":{"rendered":"https:\/\/agrargenossenschaft-neuzelle.de\/?page_id=3734"},"modified":"2024-04-19T18:21:20","modified_gmt":"2024-04-19T18:21:20","slug":"elementor-3734","status":"publish","type":"page","link":"https:\/\/agrargenossenschaft-neuzelle.de\/?page_id=3734","title":{"rendered":"Pflanzenbaustelle"},"content":{"rendered":"\t\t<div data-elementor-type=\"wp-page\" data-elementor-id=\"3734\" class=\"elementor elementor-3734\" data-elementor-post-type=\"page\">\n\t\t\t\t<div class=\"elementor-element elementor-element-67a28ec e-flex e-con-boxed e-con e-parent\" data-id=\"67a28ec\" data-element_type=\"container\" data-e-type=\"container\">\n\t\t\t\t\t<div class=\"e-con-inner\">\n\t\t<div class=\"elementor-element elementor-element-0836d05 e-flex e-con-boxed e-con e-child\" data-id=\"0836d05\" data-element_type=\"container\" data-e-type=\"container\" data-settings=\"{&quot;background_background&quot;:&quot;classic&quot;}\">\n\t\t\t\t\t<div class=\"e-con-inner\">\n\t\t\t\t<div class=\"elementor-element elementor-element-2c3837f animated-slow elementor-invisible elementor-widget elementor-widget-heading\" data-id=\"2c3837f\" data-element_type=\"widget\" data-e-type=\"widget\" data-settings=\"{&quot;_animation&quot;:&quot;slideInUp&quot;}\" data-widget_type=\"heading.default\">\n\t\t\t\t<div class=\"elementor-widget-container\">\n\t\t\t\t\t<h2 class=\"elementor-heading-title elementor-size-default\">Stellenangebot Bereich Pflanzenbau<\/h2>\t\t\t\t<\/div>\n\t\t\t\t<\/div>\n\t\t\t\t\t<\/div>\n\t\t\t\t<\/div>\n\t\t\t\t<div class=\"elementor-element elementor-element-f81111e elementor-widget elementor-widget-text-editor\" data-id=\"f81111e\" data-element_type=\"widget\" data-e-type=\"widget\" data-widget_type=\"text-editor.default\">\n\t\t\t\t<div class=\"elementor-widget-container\">\n\t\t\t\t\t\t\t\t\t<p><strong>Sehr geehrte Damen und Herren,<\/strong><br \/>wir sind ein landwirtschaftlicher Gemischtbetrieb im \u00f6stlichen Teil des Landes<br \/>Brandenburg s\u00fcdlich von Frankfurt\/Oder und Eisenh\u00fcttenstadt.<br \/>Zu unseren Gesch\u00e4ftsbereichen geh\u00f6rt die Pflanzenproduktion, als Produzent der<br \/>Futtermittel f\u00fcr die Aufzucht und Mast von unseren Rindern und Schweinen.<br \/>In unserer Fruchtfolge sind aber auch Raps und Kartoffeln eingeordnet.<br \/>Wir bewirtschaften eine landwirtschaftliche Nutzfl\u00e4che von 5.300 ha.<br \/>Eine detaillierte Betriebsbeschreibung finden Sie im Internet unter:<br \/>www.agrargenossenschaft-neuzelle.de<br \/>Leider ver\u00e4ndert sich auch in unserem Unternehmen die Altersstruktur, so dass wir<br \/>auch im Bereich der Pflanzenproduktion einen Generationswechsel vorbereiten.<\/p><p><strong>Dein Profil:\u00a0<\/strong><\/p><ul><li>abgeschlossenes Landwirtschaftsstudium\/ landwirtschaftliche Ausbildung,<br \/>ideal mit Spezialisierung Milchviehhaltung<\/li><li>Spa\u00df und Interesse an intensiver Arbeit mit Hochleistungsk\u00fchen<\/li><li>sorgf\u00e4ltige und konsequente Arbeitsweise, selbstst\u00e4ndig und zuverl\u00e4ssig<\/li><li>Teamf\u00e4higkeit und Verantwortungsbewusstsein<\/li><li>Bereitschaft zu Wochenendarbeit<\/li><li>Technisches Verst\u00e4ndnis<\/li><li>Fahrerlaubnis PKW und von Vorteil Klasse T<\/li><\/ul><p><strong>Job \u00dcbersicht:\u00a0<\/strong><\/p><p><strong>Einsatzort:<\/strong> 15898 Neuzelle\u00a0<br \/><strong>Verf\u00fcgbar: <\/strong>ab sofort<br \/><strong style=\"font-family: var(--global-body-font-family);\">Jobart:<\/strong><span style=\"font-family: var(--global-body-font-family);\"> Vollzeit<br \/><\/span><\/p><p>Sie k\u00f6nnen sich auch f\u00fcr ein Praktikum in unserem Unternehmen bewerben.<br \/>Ansprechpartner: Frank Matheus\/ Heidi Wittgen Telefon 033652\/251<\/p><p>\u00a0<\/p>\t\t\t\t\t\t\t\t<\/div>\n\t\t\t\t<\/div>\n\t\t\t\t\t<\/div>\n\t\t\t\t<\/div>\n\t\t\t\t<\/div>\n\t\t","protected":false},"excerpt":{"rendered":"<p>Stellenangebot Bereich Pflanzenbau Sehr geehrte Damen und Herren,wir sind ein landwirtschaftlicher Gemischtbetrieb im \u00f6stlichen Teil des LandesBrandenburg s\u00fcdlich von Frankfurt\/Oder und Eisenh\u00fcttenstadt.Zu unseren Gesch\u00e4ftsbereichen geh\u00f6rt die Pflanzenproduktion, als Produzent derFuttermittel f\u00fcr die Aufzucht und Mast von unseren Rindern und Schweinen.In unserer Fruchtfolge sind aber auch Raps und Kartoffeln eingeordnet.Wir bewirtschaften eine landwirtschaftliche Nutzfl\u00e4che von 5.300&#8230;<\/p>\n","protected":false},"author":1,"featured_media":0,"parent":0,"menu_order":0,"comment_status":"closed","ping_status":"closed","template":"","meta":{"_kad_post_transparent":"","_kad_post_title":"hide","_kad_post_layout":"fullwidth","_kad_post_sidebar_id":"","_kad_post_content_style":"unboxed","_kad_post_vertical_padding":"hide","_kad_post_feature":"hide","_kad_post_feature_position":"","_kad_post_header":false,"_kad_post_footer":false,"footnotes":""},"class_list":["post-3734","page","type-page","status-publish","hentry"],"_links":{"self":[{"href":"https:\/\/agrargenossenschaft-neuzelle.de\/index.php?rest_route=\/wp\/v2\/pages\/3734","targetHints":{"allow":["GET"]}}],"collection":[{"href":"https:\/\/agrargenossenschaft-neuzelle.de\/index.php?rest_route=\/wp\/v2\/pages"}],"about":[{"href":"https:\/\/agrargenossenschaft-neuzelle.de\/index.php?rest_route=\/wp\/v2\/types\/page"}],"author":[{"embeddable":true,"href":"https:\/\/agrargenossenschaft-neuzelle.de\/index.php?rest_route=\/wp\/v2\/users\/1"}],"replies":[{"embeddable":true,"href":"https:\/\/agrargenossenschaft-neuzelle.de\/index.php?rest_route=%2Fwp%2Fv2%2Fcomments&post=3734"}],"version-history":[{"count":5,"href":"https:\/\/agrargenossenschaft-neuzelle.de\/index.php?rest_route=\/wp\/v2\/pages\/3734\/revisions"}],"predecessor-version":[{"id":3739,"href":"https:\/\/agrargenossenschaft-neuzelle.de\/index.php?rest_route=\/wp\/v2\/pages\/3734\/revisions\/3739"}],"wp:attachment":[{"href":"https:\/\/agrargenossenschaft-neuzelle.de\/index.php?rest_route=%2Fwp%2Fv2%2Fmedia&parent=3734"}],"curies":[{"name":"wp","href":"https:\/\/api.w.org\/{rel}","templated":true}]}}