{"id":3792,"date":"2024-11-11T18:11:16","date_gmt":"2024-11-11T18:11:16","guid":{"rendered":"https:\/\/agrargenossenschaft-neuzelle.de\/?page_id=3792"},"modified":"2024-11-12T10:21:54","modified_gmt":"2024-11-12T10:21:54","slug":"biogasanlage","status":"publish","type":"page","link":"https:\/\/agrargenossenschaft-neuzelle.de\/?page_id=3792","title":{"rendered":"Biogasanlage"},"content":{"rendered":"\t\t<div data-elementor-type=\"wp-page\" data-elementor-id=\"3792\" class=\"elementor elementor-3792\" data-elementor-post-type=\"page\">\n\t\t\t\t<div class=\"elementor-element elementor-element-b889d54 e-flex e-con-boxed e-con e-parent\" data-id=\"b889d54\" data-element_type=\"container\" data-e-type=\"container\">\n\t\t\t\t\t<div class=\"e-con-inner\">\n\t\t\t\t<div class=\"elementor-element elementor-element-db6e6a1 animated-slow elementor-invisible elementor-widget elementor-widget-heading\" data-id=\"db6e6a1\" data-element_type=\"widget\" data-e-type=\"widget\" data-settings=\"{&quot;_animation&quot;:&quot;slideInUp&quot;}\" data-widget_type=\"heading.default\">\n\t\t\t\t<div class=\"elementor-widget-container\">\n\t\t\t\t\t<h2 class=\"elementor-heading-title elementor-size-default\">Stellenangebot \nBiogasanlage<\/h2>\t\t\t\t<\/div>\n\t\t\t\t<\/div>\n\t\t\t\t\t<\/div>\n\t\t\t\t<\/div>\n\t\t<div class=\"elementor-element elementor-element-2b3256c e-flex e-con-boxed e-con e-parent\" data-id=\"2b3256c\" data-element_type=\"container\" data-e-type=\"container\">\n\t\t\t\t\t<div class=\"e-con-inner\">\n\t\t\t\t<div class=\"elementor-element elementor-element-61d8051 elementor-widget elementor-widget-text-editor\" data-id=\"61d8051\" data-element_type=\"widget\" data-e-type=\"widget\" data-widget_type=\"text-editor.default\">\n\t\t\t\t<div class=\"elementor-widget-container\">\n\t\t\t\t\t\t\t\t\t<p><strong>Sehr geehrte Damen und Herren,<\/strong><br>wir sind ein landwirtschaftlicher Gemischtbetrieb im \u00f6stlichen Teil des Landes<br>Brandenburg s\u00fcdlich von Frankfurt\/Oder und Eisenh\u00fcttenstadt.<br>Zu unseren Gesch\u00e4ftsbereichen geh\u00f6rt die Pflanzenproduktion sowie die Tierproduktion.<br>Wir bewirtschaften eine landwirtschaftliche Nutzfl\u00e4che von 5.300 ha.<\/p>\n<p>Eine Biogasanlage ist eine Anlage zur Erzeugung von erneuerbarer Energie, die auf dem Prinzip der biologischen Verg\u00e4rung basiert. In einer Biogasanlage werden organische Materialien \u2013 wie landwirtschaftliche Abf\u00e4lle, G\u00fclle, Erntereste, Bioabf\u00e4lle oder speziell angebaute Energiepflanzen \u2013 unter anaeroben Bedingungen (ohne Sauerstoff) vergoren. Dabei entstehen Biogas und ein wertvolles G\u00e4rprodukt, das als D\u00fcnger genutzt werden kann.<\/p>\n<p><strong>Ihre Aufgaben:&nbsp;<\/strong><\/p>\n<ul>\n<li>Bedienung, \u00dcberwachung und Instandhaltung der Anlagen zur Energieproduktion<\/li>\n<li>Durchf\u00fchrung regelm\u00e4\u00dfiger Kontrollg\u00e4nge zur \u00dcberpr\u00fcfung der Prozessparameter und Anlagenzust\u00e4nde<\/li>\n<li>Probenahme und Analysen zur \u00dcberwachung des biologischen Prozesses in der Fermenteranlage<\/li>\n<li>Steuerung der Anlagenprozesse und Sicherstellung eines st\u00f6rungsfreien Betriebs<\/li>\n<li>Dokumentation der Betriebsabl\u00e4ufe und Erfassung der Leistungsdaten<\/li>\n<li>Unterst\u00fctzung bei Wartungs- und Reparaturarbeiten sowie bei der St\u00f6rungsbeseitigung<\/li>\n<li>Zusammenarbeit mit technischen Dienstleistern und Lieferanten<\/li>\n<li>Getreideannahme mit Teleskoplader<\/li>\n<li>Best\u00fcckung des FSE mit Teleskoplader<\/li>\n<\/ul>\n<p><strong>Ihr Profil:<\/strong><\/p>\n<ul>\n<li>w\u00fcnschenswert w\u00e4re eine abgeschlossene Ausbildung als Landwirt oder Elektriker<\/li>\n<li>Kenntnisse von Schaltkreisen und Elektrik<\/li>\n<li>Spa\u00df und Interesse an intensiver Arbeit mit Hochleistungsk\u00fchen<\/li>\n<li>sorgf\u00e4ltige und konsequente Arbeitsweise, selbstst\u00e4ndig und zuverl\u00e4ssig<\/li>\n<li>Teamf\u00e4higkeit und Verantwortungsbewusstsein<\/li>\n<li>Bereitschaft zu Wochenendarbeit sowie zur Rufbereitschaft<\/li>\n<li>Technisches Verst\u00e4ndnis<\/li>\n<li>Fahrerlaubnis PKW und von Vorteil Klasse T<\/li>\n<\/ul>\n<p><strong>Job \u00dcbersicht:&nbsp;<\/strong><\/p>\n<p><strong>Einsatzort:<\/strong> 15898 Wellmitz&nbsp;<br><strong>Verf\u00fcgbar: <\/strong>ab Januar 2024<br><strong style=\"font-family: var(--global-body-font-family);\">Jobart:<\/strong><span style=\"font-family: var(--global-body-font-family);\"> Vollzeit<br><\/span><\/p>\n<pre>Sie k\u00f6nnen sich auch f\u00fcr ein Praktikum in unserem Unternehmen bewerben.<br>Ansprechpartner: Frank Matheus\/ Heidi Wittgen Telefon 033652\/251\ninfo@agrargenossenschaft-neuzelle.de<\/pre>\t\t\t\t\t\t\t\t<\/div>\n\t\t\t\t<\/div>\n\t\t\t\t\t<\/div>\n\t\t\t\t<\/div>\n\t\t\t\t<\/div>\n\t\t","protected":false},"excerpt":{"rendered":"<p>Stellenangebot Biogasanlage Sehr geehrte Damen und Herren,wir sind ein landwirtschaftlicher Gemischtbetrieb im \u00f6stlichen Teil des LandesBrandenburg s\u00fcdlich von Frankfurt\/Oder und Eisenh\u00fcttenstadt.Zu unseren Gesch\u00e4ftsbereichen geh\u00f6rt die Pflanzenproduktion sowie die Tierproduktion.Wir bewirtschaften eine landwirtschaftliche Nutzfl\u00e4che von 5.300 ha. Eine Biogasanlage ist eine Anlage zur Erzeugung von erneuerbarer Energie, die auf dem Prinzip der biologischen Verg\u00e4rung basiert. In&#8230;<\/p>\n","protected":false},"author":1,"featured_media":0,"parent":0,"menu_order":0,"comment_status":"closed","ping_status":"closed","template":"","meta":{"_kad_post_transparent":"","_kad_post_title":"hide","_kad_post_layout":"fullwidth","_kad_post_sidebar_id":"","_kad_post_content_style":"unboxed","_kad_post_vertical_padding":"hide","_kad_post_feature":"hide","_kad_post_feature_position":"","_kad_post_header":false,"_kad_post_footer":false,"footnotes":""},"class_list":["post-3792","page","type-page","status-publish","hentry"],"_links":{"self":[{"href":"https:\/\/agrargenossenschaft-neuzelle.de\/index.php?rest_route=\/wp\/v2\/pages\/3792","targetHints":{"allow":["GET"]}}],"collection":[{"href":"https:\/\/agrargenossenschaft-neuzelle.de\/index.php?rest_route=\/wp\/v2\/pages"}],"about":[{"href":"https:\/\/agrargenossenschaft-neuzelle.de\/index.php?rest_route=\/wp\/v2\/types\/page"}],"author":[{"embeddable":true,"href":"https:\/\/agrargenossenschaft-neuzelle.de\/index.php?rest_route=\/wp\/v2\/users\/1"}],"replies":[{"embeddable":true,"href":"https:\/\/agrargenossenschaft-neuzelle.de\/index.php?rest_route=%2Fwp%2Fv2%2Fcomments&post=3792"}],"version-history":[{"count":16,"href":"https:\/\/agrargenossenschaft-neuzelle.de\/index.php?rest_route=\/wp\/v2\/pages\/3792\/revisions"}],"predecessor-version":[{"id":3812,"href":"https:\/\/agrargenossenschaft-neuzelle.de\/index.php?rest_route=\/wp\/v2\/pages\/3792\/revisions\/3812"}],"wp:attachment":[{"href":"https:\/\/agrargenossenschaft-neuzelle.de\/index.php?rest_route=%2Fwp%2Fv2%2Fmedia&parent=3792"}],"curies":[{"name":"wp","href":"https:\/\/api.w.org\/{rel}","templated":true}]}}